{"id":485,"date":"2022-09-11T12:26:48","date_gmt":"2022-09-11T12:26:48","guid":{"rendered":"https:\/\/ourrights.guenthermoser.at\/?page_id=485"},"modified":"2022-09-11T12:28:26","modified_gmt":"2022-09-11T12:28:26","slug":"pie-de-imprenta","status":"publish","type":"page","link":"https:\/\/ourrights.guenthermoser.at\/?page_id=485&lang=es","title":{"rendered":"Pie de imprenta"},"content":{"rendered":"<h3>Pie de imprenta<\/h3>\n<p>La mayor\u00eda silenciosa.<br \/>\nAsociaci\u00f3n para intervenciones pol\u00edtico-culturales.<br \/>\nN\u00famero ZVR: 612260200<br \/>\n1210 Viena<br \/>\ninfo@ourrights.guenthermoser.at<\/p>\n","protected":false},"excerpt":{"rendered":"<p>Pie de imprenta La mayor\u00eda silenciosa. Asociaci\u00f3n para intervenciones pol\u00edtico-culturales. N\u00famero ZVR: 612260200 1210 Viena info@ourrights.guenthermoser.at<\/p>\n","protected":false},"author":1,"featured_media":0,"parent":0,"menu_order":0,"comment_status":"closed","ping_status":"closed","template":"","meta":{"site-sidebar-layout":"default","site-content-layout":"default","ast-global-header-display":"","ast-main-header-display":"","ast-hfb-above-header-display":"","ast-hfb-below-header-display":"","ast-hfb-mobile-header-display":"","site-post-title":"disabled","ast-breadcrumbs-content":"","ast-featured-img":"","footer-sml-layout":"","theme-transparent-header-meta":"default","adv-header-id-meta":"","stick-header-meta":"","header-above-stick-meta":"","header-main-stick-meta":"","header-below-stick-meta":"","footnotes":""},"class_list":["post-485","page","type-page","status-publish","hentry"],"_links":{"self":[{"href":"https:\/\/ourrights.guenthermoser.at\/index.php?rest_route=\/wp\/v2\/pages\/485","targetHints":{"allow":["GET"]}}],"collection":[{"href":"https:\/\/ourrights.guenthermoser.at\/index.php?rest_route=\/wp\/v2\/pages"}],"about":[{"href":"https:\/\/ourrights.guenthermoser.at\/index.php?rest_route=\/wp\/v2\/types\/page"}],"author":[{"embeddable":true,"href":"https:\/\/ourrights.guenthermoser.at\/index.php?rest_route=\/wp\/v2\/users\/1"}],"replies":[{"embeddable":true,"href":"https:\/\/ourrights.guenthermoser.at\/index.php?rest_route=%2Fwp%2Fv2%2Fcomments&post=485"}],"version-history":[{"count":2,"href":"https:\/\/ourrights.guenthermoser.at\/index.php?rest_route=\/wp\/v2\/pages\/485\/revisions"}],"predecessor-version":[{"id":487,"href":"https:\/\/ourrights.guenthermoser.at\/index.php?rest_route=\/wp\/v2\/pages\/485\/revisions\/487"}],"wp:attachment":[{"href":"https:\/\/ourrights.guenthermoser.at\/index.php?rest_route=%2Fwp%2Fv2%2Fmedia&parent=485"}],"curies":[{"name":"wp","href":"https:\/\/api.w.org\/{rel}","templated":true}]}}